{"id":13,"date":"2023-11-12T03:36:14","date_gmt":"2023-11-12T03:36:14","guid":{"rendered":"https:\/\/violetaymerlin.com\/?page_id=13"},"modified":"2023-11-12T03:37:24","modified_gmt":"2023-11-12T03:37:24","slug":"descubre-la-magia-en-violeta-merlin-rituales-para-prosperidad-amor-y-salud","status":"publish","type":"page","link":"https:\/\/violetaymerlin.com\/index.php\/descubre-la-magia-en-violeta-merlin-rituales-para-prosperidad-amor-y-salud\/","title":{"rendered":"Descubre la Magia en Violeta &amp; Merlin: Rituales para Prosperidad, Amor y Salud"},"content":{"rendered":"\n<p>Bienvenidos a Violeta &amp; Merlin, tu destino m\u00e1gico donde los rituales se entrelazan con la esencia de la prosperidad, el amor y la salud. Sum\u00e9rgete en nuestra comunidad de alquimistas modernos, donde las velas encienden la prosperidad, los cristales potencian el amor y las hierbas curan el cuerpo y el alma. \u00danete a nosotros en este viaje m\u00edstico hacia la manifestaci\u00f3n de tus deseos m\u00e1s profundos. \u00bfEst\u00e1s listo para tejer tu propia magia? \u00a1Explora, comparte, y encanta con Violeta &amp; Merlin! \ud83d\udd2e\u2728 #VioletaMerlin #MagiaRitual #ProsperidadAmorSalud #DescubreLaMagia<\/p>\n\n\n\n<p>Registrate a nuestro bolet\u00edn para recibir noticias, tips e informaci\u00f3n por correo: <div class=\"wpforms-container wpforms-container-full wpforms-render-modern\" id=\"wpforms-15\"><form id=\"wpforms-form-15\" class=\"wpforms-validate wpforms-form wpforms-ajax-form\" data-formid=\"15\" method=\"post\" enctype=\"multipart\/form-data\" action=\"\/index.php\/wp-json\/wp\/v2\/pages\/13\" data-token=\"1d1deb4dad75514bb2104936ecb743c6\"><noscript class=\"wpforms-error-noscript\">Por favor, activa JavaScript en tu navegador para completar este formulario.<\/noscript><div class=\"wpforms-hidden\" id=\"wpforms-error-noscript\">Por favor, activa JavaScript en tu navegador para completar este formulario.<\/div><div class=\"wpforms-field-container\"><div id=\"wpforms-15-field_1-container\" class=\"wpforms-field wpforms-field-name\" data-field-id=\"1\"><fieldset><legend class=\"wpforms-field-label\">Nombre <span class=\"wpforms-required-label\" aria-hidden=\"true\">*<\/span><\/legend><div class=\"wpforms-field-row wpforms-field-medium\"><div class=\"wpforms-field-row-block wpforms-first wpforms-one-half\"><input type=\"text\" id=\"wpforms-15-field_1\" class=\"wpforms-field-name-first wpforms-field-required\" name=\"wpforms[fields][1][first]\" aria-errormessage=\"wpforms-15-field_1-error\" required><label for=\"wpforms-15-field_1\" class=\"wpforms-field-sublabel after \">Nombre<\/label><\/div><div class=\"wpforms-field-row-block wpforms-one-half\"><input type=\"text\" id=\"wpforms-15-field_1-last\" class=\"wpforms-field-name-last wpforms-field-required\" name=\"wpforms[fields][1][last]\" aria-errormessage=\"wpforms-15-field_1-last-error\" required><label for=\"wpforms-15-field_1-last\" class=\"wpforms-field-sublabel after \">Apellidos<\/label><\/div><\/div><\/fieldset><\/div><div id=\"wpforms-15-field_2-container\" class=\"wpforms-field wpforms-field-email\" data-field-id=\"2\"><label class=\"wpforms-field-label\" for=\"wpforms-15-field_2\">Email <span class=\"wpforms-required-label\" aria-hidden=\"true\">*<\/span><\/label><input type=\"email\" id=\"wpforms-15-field_2\" class=\"wpforms-field-medium wpforms-field-required\" name=\"wpforms[fields][2]\" spellcheck=\"false\" aria-errormessage=\"wpforms-15-field_2-error\" required><\/div><\/div><!-- .wpforms-field-container --><div class=\"wpforms-submit-container\" ><input type=\"hidden\" name=\"wpforms[id]\" value=\"15\"><input type=\"hidden\" name=\"wpforms[author]\" value=\"1\"><button type=\"submit\" name=\"wpforms[submit]\" id=\"wpforms-submit-15\" class=\"wpforms-submit\" data-alt-text=\"Enviando...\" data-submit-text=\"Registrarse\" aria-live=\"assertive\" value=\"wpforms-submit\">Registrarse<\/button><img loading=\"lazy\" decoding=\"async\" src=\"https:\/\/violetaymerlin.com\/wp-content\/plugins\/wpforms-lite\/assets\/images\/submit-spin.svg\" class=\"wpforms-submit-spinner\" style=\"display: none;\" width=\"26\" height=\"26\" alt=\"Cargando\"><\/div><\/form><\/div>  <!-- .wpforms-container --><\/p>\n\n\n\n<p><\/p>\n\n\n\n<figure class=\"wp-block-image size-large\"><img loading=\"lazy\" decoding=\"async\" width=\"1024\" height=\"390\" src=\"http:\/\/violetaymerlin.com\/wp-content\/uploads\/2023\/11\/bannervm-1024x390.jpg\" alt=\"Magia, Espiritualidad Y Brujer\u00eda Blanca\" class=\"wp-image-14\" srcset=\"https:\/\/violetaymerlin.com\/wp-content\/uploads\/2023\/11\/bannervm-1024x390.jpg 1024w, https:\/\/violetaymerlin.com\/wp-content\/uploads\/2023\/11\/bannervm-300x114.jpg 300w, https:\/\/violetaymerlin.com\/wp-content\/uploads\/2023\/11\/bannervm-768x292.jpg 768w, https:\/\/violetaymerlin.com\/wp-content\/uploads\/2023\/11\/bannervm-1536x584.jpg 1536w, https:\/\/violetaymerlin.com\/wp-content\/uploads\/2023\/11\/bannervm-2048x779.jpg 2048w\" sizes=\"(max-width: 1024px) 100vw, 1024px\" \/><figcaption class=\"wp-element-caption\">Violeta Y Merlin<\/figcaption><\/figure>\n\n\n\n<ol>\n<li><strong>Hechizos y Encantamientos:<\/strong> Explora y aprende hechizos efectivos y encantamientos que te permitir\u00e1n potenciar tu vida amorosa, atraer la prosperidad y protegerte de energ\u00edas no deseadas.<\/li>\n\n\n\n<li><strong>Intencionar Cristales:<\/strong> Sum\u00e9rgete en el mundo de la cristaloterapia y descubre c\u00f3mo infundir tus cristales con intenciones m\u00e1gicas para potenciar sus propiedades energ\u00e9ticas.<\/li>\n\n\n\n<li><strong>Rituales M\u00e1gicos:<\/strong> Encuentra rituales m\u00e1gicos para cada fase de la Luna, festivales esot\u00e9ricos y momentos especiales. Desde rituales de la abundancia hasta ceremonias de purificaci\u00f3n, tenemos algo para cada buscador de la magia blanca.<\/li>\n\n\n\n<li><strong>Arte de la Adivinaci\u00f3n:<\/strong> Explora el arte de la adivinaci\u00f3n con gu\u00edas sobre tarot, runas y otros m\u00e9todos de lectura intuitiva para desvelar el misterio de tu camino espiritual.<\/li>\n\n\n\n<li><strong>Comunidad M\u00e1gica:<\/strong> \u00danete a nuestra comunidad m\u00e1gica donde compartimos experiencias, conocimientos y celebramos la belleza de la magia blanca. Comparte tus propios rituales, hechizos y descubrimientos.<\/li>\n<\/ol>\n","protected":false},"excerpt":{"rendered":"<p>Bienvenidos a Violeta &amp; Merlin, tu destino m\u00e1gico donde los rituales se entrelazan con la esencia de la prosperidad, el amor y la salud. Sum\u00e9rgete en nuestra comunidad de alquimistas modernos, donde las velas encienden la prosperidad, los cristales potencian el amor y las hierbas curan el cuerpo y el alma. \u00danete a nosotros en [&hellip;]<\/p>\n","protected":false},"author":1,"featured_media":14,"parent":0,"menu_order":0,"comment_status":"closed","ping_status":"closed","template":"","meta":{"om_disable_all_campaigns":false,"_monsterinsights_skip_tracking":false,"_monsterinsights_sitenote_active":false,"_monsterinsights_sitenote_note":"","_monsterinsights_sitenote_category":0,"footnotes":""},"aioseo_notices":[],"_links":{"self":[{"href":"https:\/\/violetaymerlin.com\/index.php\/wp-json\/wp\/v2\/pages\/13"}],"collection":[{"href":"https:\/\/violetaymerlin.com\/index.php\/wp-json\/wp\/v2\/pages"}],"about":[{"href":"https:\/\/violetaymerlin.com\/index.php\/wp-json\/wp\/v2\/types\/page"}],"author":[{"embeddable":true,"href":"https:\/\/violetaymerlin.com\/index.php\/wp-json\/wp\/v2\/users\/1"}],"replies":[{"embeddable":true,"href":"https:\/\/violetaymerlin.com\/index.php\/wp-json\/wp\/v2\/comments?post=13"}],"version-history":[{"count":2,"href":"https:\/\/violetaymerlin.com\/index.php\/wp-json\/wp\/v2\/pages\/13\/revisions"}],"predecessor-version":[{"id":20,"href":"https:\/\/violetaymerlin.com\/index.php\/wp-json\/wp\/v2\/pages\/13\/revisions\/20"}],"wp:featuredmedia":[{"embeddable":true,"href":"https:\/\/violetaymerlin.com\/index.php\/wp-json\/wp\/v2\/media\/14"}],"wp:attachment":[{"href":"https:\/\/violetaymerlin.com\/index.php\/wp-json\/wp\/v2\/media?parent=13"}],"curies":[{"name":"wp","href":"https:\/\/api.w.org\/{rel}","templated":true}]}}